{"id":102,"date":"2016-02-04T16:44:56","date_gmt":"2016-02-04T15:44:56","guid":{"rendered":"http:\/\/cwsdcgym.preview.infomaniak.com\/wp\/?page_id=102"},"modified":"2021-06-06T23:16:20","modified_gmt":"2021-06-06T21:16:20","slug":"devenir-membre-2","status":"publish","type":"page","link":"https:\/\/www.ccs-lj.ch\/wp\/club\/devenir-membre-2\/","title":{"rendered":"Devenir membre"},"content":{"rendered":"[vc_row][vc_column][vc_column_text css=\u00a0\u00bb.vc_custom_1528145100249{margin-bottom: 0px !important;}\u00a0\u00bb]<strong>Voici les avantages au niveau du groupe r\u00e9gional :<\/strong><\/p>\n<ul>\n<li>Information r\u00e9guli\u00e8re concernant les activit\u00e9s<\/li>\n<li>Rabais sur le prix des cours du CCS-LJ<\/li>\n<li>Rabais sur le prix des croisi\u00e8res du CCS-LJ<\/li>\n<li>\u00c9v\u00e9nements organis\u00e9s par CCS-LJ<\/li>\n<\/ul>\n<h3>Pour \u00eatre membre du groupe r\u00e9gional des Lacs Jurassiens, vous devez \u00eatre membre du CCS Suisse.<\/h3>\n[\/vc_column_text][mk_table el_class=\u00a0\u00bbprix\u00a0\u00bb]Cotisations annuelles :<\/p>\n<table width=\"100%\">\n<thead>\n<tr>\n<th style=\"text-align: left;\" width=\"40%\">Membre<\/th>\n<th style=\"text-align: right !important;\" width=\"20%\">CCS Suisse<\/th>\n<th style=\"text-align: right !important;\" width=\"20%\">CCS Lacs jurassiens<\/th>\n<th style=\"text-align: right !important;\" width=\"20%\">Total<\/th>\n<\/tr>\n<\/thead>\n<tbody>\n<tr>\n<td style=\"text-align: left;\"><strong>Individuel<\/strong><\/td>\n<td style=\"text-align: right !important;\"><strong>150<\/strong> CHF<\/td>\n<td style=\"text-align: right !important;\"><strong>20<\/strong> CHF<\/td>\n<td style=\"text-align: right !important;\"><strong>170<\/strong> CHF<\/td>\n<\/tr>\n<tr>\n<td style=\"text-align: left;\"><strong>Partenaire<\/strong><\/td>\n<td style=\"text-align: right !important;\"><strong>45<\/strong> CHF<\/td>\n<td style=\"text-align: right !important;\"><strong>10<\/strong> CHF<\/td>\n<td style=\"text-align: right !important;\"><strong>55<\/strong> CHF<\/td>\n<\/tr>\n<tr>\n<td style=\"text-align: left;\"><strong>Moins de 30 ans<\/strong><\/td>\n<td style=\"text-align: right !important;\"><strong>150<\/strong> CHF<\/td>\n<td style=\"text-align: right !important;\"><strong>0<\/strong> CHF<\/td>\n<td style=\"text-align: right !important;\"><strong>150<\/strong> CHF<\/td>\n<\/tr>\n<tr>\n<td style=\"text-align: left;\"><strong>Junior &#8211; 25 ans<\/strong><\/td>\n<td style=\"text-align: right !important;\"><strong>60<\/strong> CHF<\/td>\n<td style=\"text-align: right !important;\"><strong>0<\/strong> CHF<\/td>\n<td style=\"text-align: right !important;\"><strong>60<\/strong> CHF<\/td>\n<\/tr>\n<tr>\n<td style=\"text-align: left;\"><strong>Junior &#8211; 20 ans<\/strong><\/td>\n<td style=\"text-align: right !important;\"><strong>40<\/strong> CHF<\/td>\n<td style=\"text-align: right !important;\"><strong>0<\/strong> CHF<\/td>\n<td style=\"text-align: right !important;\"><strong>40<\/strong> CHF<\/td>\n<\/tr>\n<\/tbody>\n<\/table>\n[\/mk_table][mk_button url=\u00a0\u00bbhttps:\/\/www.cruisingclub.ch\/fr\/club\/services-Membres\/devenir-membre\u00a0\u00bb target=\u00a0\u00bb_blank\u00a0\u00bb]Demande d&rsquo;admission sur le site CCS Suisse[\/mk_button][\/vc_column][\/vc_row]\n","protected":false},"excerpt":{"rendered":"<p>[vc_row][vc_column][vc_column_text css=\u00a0\u00bb.vc_custom_1528145100249{margin-bottom: 0px !important;}\u00a0\u00bb]Voici les avantages au niveau du groupe r\u00e9gional : Information r\u00e9guli\u00e8re concernant les activit\u00e9s Rabais sur le prix des cours du CCS-LJ Rabais sur le prix des croisi\u00e8res du CCS-LJ \u00c9v\u00e9nements organis\u00e9s par CCS-LJ Pour \u00eatre membre du groupe r\u00e9gional des Lacs Jurassiens, vous devez \u00eatre membre du CCS Suisse. [\/vc_column_text][mk_table el_class=\u00a0\u00bbprix\u00a0\u00bb]Cotisations [&hellip;]<\/p>\n","protected":false},"author":1,"featured_media":125577,"parent":9,"menu_order":25,"comment_status":"closed","ping_status":"closed","template":"","meta":{"footnotes":""},"class_list":["post-102","page","type-page","status-publish","has-post-thumbnail","hentry"],"jetpack_shortlink":"https:\/\/wp.me\/P7b4xK-1E","jetpack_sharing_enabled":true,"_links":{"self":[{"href":"https:\/\/www.ccs-lj.ch\/wp\/wp-json\/wp\/v2\/pages\/102","targetHints":{"allow":["GET"]}}],"collection":[{"href":"https:\/\/www.ccs-lj.ch\/wp\/wp-json\/wp\/v2\/pages"}],"about":[{"href":"https:\/\/www.ccs-lj.ch\/wp\/wp-json\/wp\/v2\/types\/page"}],"author":[{"embeddable":true,"href":"https:\/\/www.ccs-lj.ch\/wp\/wp-json\/wp\/v2\/users\/1"}],"replies":[{"embeddable":true,"href":"https:\/\/www.ccs-lj.ch\/wp\/wp-json\/wp\/v2\/comments?post=102"}],"version-history":[{"count":33,"href":"https:\/\/www.ccs-lj.ch\/wp\/wp-json\/wp\/v2\/pages\/102\/revisions"}],"predecessor-version":[{"id":3909,"href":"https:\/\/www.ccs-lj.ch\/wp\/wp-json\/wp\/v2\/pages\/102\/revisions\/3909"}],"up":[{"embeddable":true,"href":"https:\/\/www.ccs-lj.ch\/wp\/wp-json\/wp\/v2\/pages\/9"}],"wp:featuredmedia":[{"embeddable":true,"href":"https:\/\/www.ccs-lj.ch\/wp\/wp-json\/wp\/v2\/media\/125577"}],"wp:attachment":[{"href":"https:\/\/www.ccs-lj.ch\/wp\/wp-json\/wp\/v2\/media?parent=102"}],"curies":[{"name":"wp","href":"https:\/\/api.w.org\/{rel}","templated":true}]}}