{"id":554,"date":"2016-02-29T16:59:07","date_gmt":"2016-02-29T15:59:07","guid":{"rendered":"http:\/\/cwsdcgym.preview.infomaniak.com\/wp\/?page_id=554"},"modified":"2021-11-23T13:21:24","modified_gmt":"2021-11-23T12:21:24","slug":"contact-croisieres","status":"publish","type":"page","link":"https:\/\/www.ccs-lj.ch\/wp\/contact-croisieres\/","title":{"rendered":"Contact &#8211; Croisi\u00e8res"},"content":{"rendered":"[vc_row][vc_column width=\u00a0\u00bb1\/2&Prime;][vc_column_text css=\u00a0\u00bb.vc_custom_1528998393347{margin-bottom: 0px !important;}\u00a0\u00bb]\n<h2>Demande d&rsquo;information<\/h2>\n<p><strong>Notre responsable croisi\u00e8res<\/strong> est \u00e0 votre disposition pour toutes informations compl\u00e9mentaires au sujet des croisi\u00e8res du CCS-LJ<br \/>\nN&rsquo;h\u00e9sitez pas \u00e0 remplir le formulaire, cordiales salutations.[\/vc_column_text][\/vc_column][vc_column width=\u00a0\u00bb1\/2&Prime;][vc_column_text css=\u00a0\u00bb.vc_custom_1637670061700{margin-bottom: 0px !important;}\u00a0\u00bb]<div class=\"forminator-ui forminator-custom-form forminator-custom-form-4339 forminator-design--default  forminator_ajax\" data-forminator-render=\"0\" data-form=\"forminator-module-4339\" data-uid=\"69e51f6a5ea9a\"><br\/><\/div><form\r\n\t\t\t\tid=\"forminator-module-4339\"\r\n\t\t\t\tclass=\"forminator-ui forminator-custom-form forminator-custom-form-4339 forminator-design--default  forminator_ajax\"\r\n\t\t\t\tmethod=\"post\"\r\n\t\t\t\tdata-forminator-render=\"0\"\r\n\t\t\t\tdata-form-id=\"4339\"\r\n\t\t\t\t data-color-option=\"default\" data-design=\"default\" data-grid=\"open\" style=\"display: none;\"\r\n\t\t\t\tdata-uid=\"69e51f6a5ea9a\"\r\n\t\t\t><div role=\"alert\" aria-live=\"polite\" class=\"forminator-response-message forminator-error\" aria-hidden=\"true\"><\/div><div class=\"forminator-row\"><div id=\"name-1\" class=\"forminator-field-name forminator-col forminator-col-12 \"><div class=\"forminator-field\"><label for=\"forminator-field-name-1_69e51f6a5ea9a\" id=\"forminator-field-name-1_69e51f6a5ea9a-label\" class=\"forminator-label\">Pr\u00e9nom <span class=\"forminator-required\">*<\/span><\/label><input type=\"text\" name=\"name-1\" value=\"\" placeholder=\"\" id=\"forminator-field-name-1_69e51f6a5ea9a\" class=\"forminator-input forminator-name--field\" aria-required=\"true\" autocomplete=\"name\" \/><\/div><\/div><\/div><div class=\"forminator-row\"><div id=\"name-2\" class=\"forminator-field-name forminator-col forminator-col-12 \"><div class=\"forminator-field\"><label for=\"forminator-field-name-2_69e51f6a5ea9a\" id=\"forminator-field-name-2_69e51f6a5ea9a-label\" class=\"forminator-label\">Nom <span class=\"forminator-required\">*<\/span><\/label><input type=\"text\" name=\"name-2\" value=\"\" placeholder=\"\" id=\"forminator-field-name-2_69e51f6a5ea9a\" class=\"forminator-input forminator-name--field\" aria-required=\"true\" autocomplete=\"name\" \/><\/div><\/div><\/div><div class=\"forminator-row\"><div id=\"email-1\" class=\"forminator-field-email forminator-col forminator-col-12 \"><div class=\"forminator-field\"><label for=\"forminator-field-email-1_69e51f6a5ea9a\" id=\"forminator-field-email-1_69e51f6a5ea9a-label\" class=\"forminator-label\">Adresse de messagerie <span class=\"forminator-required\">*<\/span><\/label><input type=\"email\" name=\"email-1\" value=\"\" placeholder=\"\" id=\"forminator-field-email-1_69e51f6a5ea9a\" class=\"forminator-input forminator-email--field\" data-required=\"true\" aria-required=\"true\" autocomplete=\"email\" \/><\/div><\/div><\/div><div class=\"forminator-row\"><div id=\"phone-1\" class=\"forminator-field-phone forminator-col forminator-col-12 \"><div class=\"forminator-field\"><label for=\"forminator-field-phone-1_69e51f6a5ea9a\" id=\"forminator-field-phone-1_69e51f6a5ea9a-label\" class=\"forminator-label\">Num\u00e9ro de t\u00e9l\u00e9phone<\/label><input type=\"text\" name=\"phone-1\" value=\"\" placeholder=\"\" id=\"forminator-field-phone-1_69e51f6a5ea9a\" class=\"forminator-input forminator-field--phone\" data-required=\"\" aria-required=\"false\" autocomplete=\"off\" \/><\/div><\/div><\/div><div class=\"forminator-row\"><div id=\"textarea-1\" class=\"forminator-field-textarea forminator-col forminator-col-12 \"><div class=\"forminator-field\"><label for=\"forminator-field-textarea-1_69e51f6a5ea9a\" id=\"forminator-field-textarea-1_69e51f6a5ea9a-label\" class=\"forminator-label\">Message<\/label><textarea name=\"textarea-1\" placeholder=\"Saisissez votre message\u2026\" id=\"forminator-field-textarea-1_69e51f6a5ea9a\" class=\"forminator-textarea\" rows=\"6\" style=\"min-height:140px;\" maxlength=\"180\" ><\/textarea><span id=\"forminator-field-textarea-1_69e51f6a5ea9a-description\" class=\"forminator-description\"><span data-limit=\"180\" data-type=\"characters\" data-editor=\"\">0 \/ 180<\/span><\/span><\/div><\/div><\/div><div class=\"forminator-row\"><div id=\"captcha-1\" class=\"forminator-field-captcha forminator-col forminator-col-12 \"><div class=\"forminator-captcha-left forminator-g-recaptcha\" data-theme=\"light\"  data-sitekey=\"6LflLLghAAAAAEENz8HOb050Nm0XmxZW8UyzlXMB\" data-size=\"normal\"><\/div> <\/div><\/div><input type=\"hidden\" name=\"referer_url\" value=\"\" \/><div class=\"forminator-row forminator-row-last\"><div class=\"forminator-col\"><div class=\"forminator-field\"><button class=\"forminator-button forminator-button-submit\">Envoyer le message<\/button><\/div><\/div><\/div><input type=\"hidden\" id=\"forminator_nonce\" name=\"forminator_nonce\" value=\"8fb01940f1\" \/><input type=\"hidden\" name=\"_wp_http_referer\" value=\"\/wp\/wp-json\/wp\/v2\/pages\/554\" \/><input type=\"hidden\" name=\"form_id\" value=\"4339\"><input type=\"hidden\" name=\"page_id\" value=\"554\"><input type=\"hidden\" name=\"form_type\" value=\"default\"><input type=\"hidden\" name=\"current_url\" value=\"https:\/\/www.ccs-lj.ch\/wp\/contact-croisieres\/\"><input type=\"hidden\" name=\"render_id\" value=\"0\"><input type=\"hidden\" name=\"action\" value=\"forminator_submit_form_custom-forms\"><\/form>[\/vc_column_text][\/vc_column][\/vc_row]\n","protected":false},"excerpt":{"rendered":"<p>[vc_row][vc_column width=\u00a0\u00bb1\/2&Prime;][vc_column_text css=\u00a0\u00bb.vc_custom_1528998393347{margin-bottom: 0px !important;}\u00a0\u00bb] Demande d&rsquo;information Notre responsable croisi\u00e8res est \u00e0 votre disposition pour toutes informations compl\u00e9mentaires au sujet des croisi\u00e8res du CCS-LJ N&rsquo;h\u00e9sitez pas \u00e0 remplir le formulaire, cordiales salutations.[\/vc_column_text][\/vc_column][vc_column width=\u00a0\u00bb1\/2&Prime;][vc_column_text css=\u00a0\u00bb.vc_custom_1637670061700{margin-bottom: 0px !important;}\u00a0\u00bb][\/vc_column_text][\/vc_column][\/vc_row]<\/p>\n","protected":false},"author":6,"featured_media":125577,"parent":0,"menu_order":101,"comment_status":"closed","ping_status":"closed","template":"","meta":{"footnotes":""},"class_list":["post-554","page","type-page","status-publish","has-post-thumbnail","hentry"],"jetpack_shortlink":"https:\/\/wp.me\/P7b4xK-8W","jetpack_sharing_enabled":false,"_links":{"self":[{"href":"https:\/\/www.ccs-lj.ch\/wp\/wp-json\/wp\/v2\/pages\/554","targetHints":{"allow":["GET"]}}],"collection":[{"href":"https:\/\/www.ccs-lj.ch\/wp\/wp-json\/wp\/v2\/pages"}],"about":[{"href":"https:\/\/www.ccs-lj.ch\/wp\/wp-json\/wp\/v2\/types\/page"}],"author":[{"embeddable":true,"href":"https:\/\/www.ccs-lj.ch\/wp\/wp-json\/wp\/v2\/users\/6"}],"replies":[{"embeddable":true,"href":"https:\/\/www.ccs-lj.ch\/wp\/wp-json\/wp\/v2\/comments?post=554"}],"version-history":[{"count":12,"href":"https:\/\/www.ccs-lj.ch\/wp\/wp-json\/wp\/v2\/pages\/554\/revisions"}],"predecessor-version":[{"id":4344,"href":"https:\/\/www.ccs-lj.ch\/wp\/wp-json\/wp\/v2\/pages\/554\/revisions\/4344"}],"wp:featuredmedia":[{"embeddable":true,"href":"https:\/\/www.ccs-lj.ch\/wp\/wp-json\/wp\/v2\/media\/125577"}],"wp:attachment":[{"href":"https:\/\/www.ccs-lj.ch\/wp\/wp-json\/wp\/v2\/media?parent=554"}],"curies":[{"name":"wp","href":"https:\/\/api.w.org\/{rel}","templated":true}]}}